{"id":2107,"date":"2025-05-03T10:55:50","date_gmt":"2025-05-03T10:55:50","guid":{"rendered":"https:\/\/jd.org.tr\/?page_id=2107"},"modified":"2025-05-03T16:48:55","modified_gmt":"2025-05-03T16:48:55","slug":"jeomorfolog-ulusal-meslek-standardi","status":"publish","type":"page","link":"https:\/\/jd.org.tr\/index.php\/jeomorfolog-ulusal-meslek-standardi\/","title":{"rendered":"Jeomorfolog Ulusal Meslek Standard\u0131"},"content":{"rendered":"<style>.kb-row-layout-wrap.wp-block-kadence-rowlayout.kb-row-layout-id2107_9e7766-67{margin-top:0px;margin-bottom:0px;}.kb-row-layout-id2107_9e7766-67 > .kt-row-column-wrap{align-content:center;}:where(.kb-row-layout-id2107_9e7766-67 > .kt-row-column-wrap) > .wp-block-kadence-column{justify-content:center;}.kb-row-layout-id2107_9e7766-67 > .kt-row-column-wrap{column-gap:var(--global-kb-gap-md, 2rem);row-gap:var(--global-kb-gap-md, 2rem);max-width:var( --global-content-width, 1290px );padding-left:var(--global-content-edge-padding);padding-right:var(--global-content-edge-padding);padding-top:150px;padding-right:0px;padding-bottom:100px;padding-left:0px;grid-template-columns:minmax(0, 1fr);}.kb-row-layout-id2107_9e7766-67{background-image:url('https:\/\/jd.org.tr\/wp-content\/uploads\/2025\/04\/banner1.png');background-size:cover;background-position:60% 74%;background-attachment:scroll;background-repeat:no-repeat;}.kb-row-layout-id2107_9e7766-67 > .kt-row-layout-overlay{opacity:0.60;background-color:var(--global-palette3, #1A202C);}@media all and (max-width: 1024px){.kb-row-layout-id2107_9e7766-67 > .kt-row-column-wrap{padding-top:150px;padding-right:0px;padding-bottom:80px;padding-left:0px;grid-template-columns:minmax(0, 1fr);}}@media all and (max-width: 767px){.kb-row-layout-id2107_9e7766-67 > .kt-row-column-wrap{padding-top:120px;padding-right:0px;padding-bottom:60px;padding-left:0px;grid-template-columns:minmax(0, 1fr);}}<\/style><div class=\"kb-row-layout-wrap kb-row-layout-id2107_9e7766-67 alignnone kt-row-has-bg wp-block-kadence-rowlayout\"><div class=\"kt-row-layout-overlay kt-row-overlay-normal\"><\/div><div class=\"kt-row-column-wrap kt-has-1-columns kt-row-layout-equal kt-tab-layout-inherit kt-mobile-layout-row kt-row-valign-middle kb-theme-content-width\">\n<style>.kadence-column2107_8324f0-06 > .kt-inside-inner-col{padding-top:10px;padding-right:10px;padding-bottom:10px;padding-left:10px;}.kadence-column2107_8324f0-06 > .kt-inside-inner-col,.kadence-column2107_8324f0-06 > .kt-inside-inner-col:before{border-top-left-radius:0px;border-top-right-radius:0px;border-bottom-right-radius:0px;border-bottom-left-radius:0px;}.kadence-column2107_8324f0-06 > .kt-inside-inner-col{column-gap:var(--global-kb-gap-sm, 1rem);}.kadence-column2107_8324f0-06 > .kt-inside-inner-col{flex-direction:column;}.kadence-column2107_8324f0-06 > .kt-inside-inner-col > .aligncenter{width:100%;}.kadence-column2107_8324f0-06 > .kt-inside-inner-col:before{opacity:0.3;}.kadence-column2107_8324f0-06{position:relative;}@media all and (max-width: 1024px){.kadence-column2107_8324f0-06 > .kt-inside-inner-col{flex-direction:column;justify-content:center;}}@media all and (max-width: 767px){.kadence-column2107_8324f0-06 > .kt-inside-inner-col{flex-direction:column;justify-content:center;}}<\/style>\n<div class=\"wp-block-kadence-column kadence-column2107_8324f0-06 inner-column-1\"><div class=\"kt-inside-inner-col\"><style>.wp-block-kadence-advancedheading.kt-adv-heading2107_de2314-e8, .wp-block-kadence-advancedheading.kt-adv-heading2107_de2314-e8[data-kb-block=\"kb-adv-heading2107_de2314-e8\"]{margin-top:0px;margin-right:0px;margin-bottom:25px;margin-left:0px;text-align:center;font-size:50px;line-height:1em;font-style:normal;}.wp-block-kadence-advancedheading.kt-adv-heading2107_de2314-e8 mark.kt-highlight, .wp-block-kadence-advancedheading.kt-adv-heading2107_de2314-e8[data-kb-block=\"kb-adv-heading2107_de2314-e8\"] mark.kt-highlight{font-style:normal;color:#f76a0c;-webkit-box-decoration-break:clone;box-decoration-break:clone;padding-top:0px;padding-right:0px;padding-bottom:0px;padding-left:0px;}.wp-block-kadence-advancedheading.kt-adv-heading2107_de2314-e8 img.kb-inline-image, .wp-block-kadence-advancedheading.kt-adv-heading2107_de2314-e8[data-kb-block=\"kb-adv-heading2107_de2314-e8\"] img.kb-inline-image{width:150px;vertical-align:baseline;}@media all and (max-width: 767px){.wp-block-kadence-advancedheading.kt-adv-heading2107_de2314-e8, .wp-block-kadence-advancedheading.kt-adv-heading2107_de2314-e8[data-kb-block=\"kb-adv-heading2107_de2314-e8\"]{font-size:40px;}}<\/style>\n<h2 class=\"kt-adv-heading2107_de2314-e8 wp-block-kadence-advancedheading has-theme-palette-9-color has-text-color\" data-kb-block=\"kb-adv-heading2107_de2314-e8\">Jeomorfolog Ulusal Meslek Standard\u0131<\/h2>\n\n\n<style>.wp-block-kadence-advancedheading.kt-adv-heading2107_b59130-d8, .wp-block-kadence-advancedheading.kt-adv-heading2107_b59130-d8[data-kb-block=\"kb-adv-heading2107_b59130-d8\"]{text-align:center;font-style:normal;}.wp-block-kadence-advancedheading.kt-adv-heading2107_b59130-d8 mark.kt-highlight, .wp-block-kadence-advancedheading.kt-adv-heading2107_b59130-d8[data-kb-block=\"kb-adv-heading2107_b59130-d8\"] mark.kt-highlight{font-style:normal;color:#f76a0c;-webkit-box-decoration-break:clone;box-decoration-break:clone;padding-top:0px;padding-right:0px;padding-bottom:0px;padding-left:0px;}.wp-block-kadence-advancedheading.kt-adv-heading2107_b59130-d8 img.kb-inline-image, .wp-block-kadence-advancedheading.kt-adv-heading2107_b59130-d8[data-kb-block=\"kb-adv-heading2107_b59130-d8\"] img.kb-inline-image{width:150px;vertical-align:baseline;}<\/style>\n<p class=\"kt-adv-heading2107_b59130-d8 wp-block-kadence-advancedheading has-theme-palette-9-color has-text-color\" data-kb-block=\"kb-adv-heading2107_b59130-d8\"><\/p>\n<\/div><\/div>\n\n<\/div><\/div>\n\n<style>.kb-row-layout-id2107_cf0163-ef > .kt-row-column-wrap{align-content:start;}:where(.kb-row-layout-id2107_cf0163-ef > .kt-row-column-wrap) > .wp-block-kadence-column{justify-content:start;}.kb-row-layout-id2107_cf0163-ef > .kt-row-column-wrap{column-gap:var(--global-kb-gap-md, 2rem);row-gap:var(--global-kb-gap-md, 2rem);max-width:var( --global-content-width, 1290px );padding-left:var(--global-content-edge-padding);padding-right:var(--global-content-edge-padding);padding-top:48px;padding-right:0px;padding-bottom:27px;padding-left:0px;grid-template-columns:minmax(0, 1fr);}.kb-row-layout-id2107_cf0163-ef{background-image:url('https:\/\/jd.org.tr\/wp-content\/uploads\/2021\/04\/pencilsketchadjusted-1874885.png');background-size:cover;background-position:center center;background-attachment:scroll;background-repeat:no-repeat;}.kb-row-layout-id2107_cf0163-ef > .kt-row-layout-overlay{opacity:0.70;background-color:var(--global-palette8, #F7FAFC);}@media all and (max-width: 1024px){.kb-row-layout-id2107_cf0163-ef > .kt-row-column-wrap{padding-top:60px;padding-right:30px;padding-bottom:30px;padding-left:30px;grid-template-columns:minmax(0, 1fr);}}@media all and (max-width: 767px){.kb-row-layout-id2107_cf0163-ef > .kt-row-column-wrap{padding-top:40px;padding-right:15px;padding-bottom:30px;padding-left:15px;grid-template-columns:minmax(0, 1fr);}}<\/style><div class=\"kb-row-layout-wrap kb-row-layout-id2107_cf0163-ef alignnone kt-row-has-bg wp-block-kadence-rowlayout\"><div class=\"kt-row-layout-overlay kt-row-overlay-normal\"><\/div><div class=\"kt-row-column-wrap kt-has-1-columns kt-row-layout-equal kt-tab-layout-inherit kt-mobile-layout-row kt-row-valign-top kb-theme-content-width\">\n<style>.kadence-column2107_999f7c-f3 > .kt-inside-inner-col{padding-top:0px;padding-right:0px;padding-bottom:0px;padding-left:0px;}.kadence-column2107_999f7c-f3 > .kt-inside-inner-col,.kadence-column2107_999f7c-f3 > .kt-inside-inner-col:before{border-top-left-radius:0px;border-top-right-radius:0px;border-bottom-right-radius:0px;border-bottom-left-radius:0px;}.kadence-column2107_999f7c-f3 > .kt-inside-inner-col{column-gap:var(--global-kb-gap-sm, 1rem);}.kadence-column2107_999f7c-f3 > .kt-inside-inner-col{flex-direction:column;}.kadence-column2107_999f7c-f3 > .kt-inside-inner-col > .aligncenter{width:100%;}.kadence-column2107_999f7c-f3 > .kt-inside-inner-col:before{opacity:0.3;}.kadence-column2107_999f7c-f3{position:relative;}.kadence-column2107_999f7c-f3, .kt-inside-inner-col > .kadence-column2107_999f7c-f3:not(.specificity){margin-top:0px;margin-right:0px;margin-bottom:0px;margin-left:0px;}@media all and (max-width: 1024px){.kadence-column2107_999f7c-f3 > .kt-inside-inner-col{padding-top:40px;padding-right:40px;padding-bottom:40px;padding-left:40px;flex-direction:column;justify-content:center;}}@media all and (max-width: 1024px){.kadence-column2107_999f7c-f3, .kt-inside-inner-col > .kadence-column2107_999f7c-f3:not(.specificity){margin-top:0px;margin-right:0px;margin-bottom:40px;margin-left:0px;}}@media all and (max-width: 767px){.kadence-column2107_999f7c-f3 > .kt-inside-inner-col{padding-top:0px;padding-right:0px;padding-bottom:0px;padding-left:0px;flex-direction:column;justify-content:center;}}<\/style>\n<div class=\"wp-block-kadence-column kadence-column2107_999f7c-f3 inner-column-1\"><div class=\"kt-inside-inner-col\"><style>.kb-row-layout-id2107_ad4805-99 > .kt-row-column-wrap{align-content:start;}:where(.kb-row-layout-id2107_ad4805-99 > .kt-row-column-wrap) > .wp-block-kadence-column{justify-content:start;}.kb-row-layout-id2107_ad4805-99 > .kt-row-column-wrap{column-gap:var(--global-kb-gap-none, 0rem );row-gap:var(--global-kb-gap-none, 0rem );max-width:1250px;margin-left:auto;margin-right:auto;padding-top:0px;padding-right:0px;padding-bottom:0px;padding-left:0px;grid-template-columns:minmax(0, 1fr);}.kb-row-layout-id2107_ad4805-99 > .kt-row-layout-overlay{opacity:0.30;}@media all and (max-width: 1024px){.kb-row-layout-id2107_ad4805-99 > .kt-row-column-wrap{grid-template-columns:minmax(0, 1fr);}}@media all and (max-width: 767px){.kb-row-layout-id2107_ad4805-99 > .kt-row-column-wrap{grid-template-columns:minmax(0, 1fr);}}<\/style><div class=\"kb-row-layout-wrap kb-row-layout-id2107_ad4805-99 alignnone wp-block-kadence-rowlayout\"><div class=\"kt-row-column-wrap kt-has-1-columns kt-row-layout-equal kt-tab-layout-inherit kt-mobile-layout-row kt-row-valign-top\">\n<style>.kadence-column2107_0cab45-94 > .kt-inside-inner-col,.kadence-column2107_0cab45-94 > .kt-inside-inner-col:before{border-top-left-radius:0px;border-top-right-radius:0px;border-bottom-right-radius:0px;border-bottom-left-radius:0px;}.kadence-column2107_0cab45-94 > .kt-inside-inner-col{column-gap:var(--global-kb-gap-sm, 1rem);}.kadence-column2107_0cab45-94 > .kt-inside-inner-col{flex-direction:column;}.kadence-column2107_0cab45-94 > .kt-inside-inner-col > .aligncenter{width:100%;}.kadence-column2107_0cab45-94 > .kt-inside-inner-col:before{opacity:0.3;}.kadence-column2107_0cab45-94{position:relative;}@media all and (max-width: 1024px){.kadence-column2107_0cab45-94 > .kt-inside-inner-col{flex-direction:column;justify-content:center;}}@media all and (max-width: 767px){.kadence-column2107_0cab45-94 > .kt-inside-inner-col{flex-direction:column;justify-content:center;}}<\/style>\n<div class=\"wp-block-kadence-column kadence-column2107_0cab45-94\"><div class=\"kt-inside-inner-col\">\n<h2 class=\"wp-block-heading\" id=\"page-title\">Jeomorfolog Ulusal Meslek Standard\u0131 Kanunla\u015ft\u0131<\/h2>\n\n\n\n<p>Jeomorfoloji Derne\u011fi&#8217;nin Mesleki Yeterlilik Kurulu ile yapt\u0131\u011f\u0131 protokol gere\u011fi \u00e7al\u0131\u015fmalar\u0131 tamamlanm\u0131\u015f olup, &#8220;Jeomorfolog Ulusal Meslek Standard\u0131&#8221; 25 Ekim 2019 tarih ve 30929 (M\u00fckerrer) say\u0131l\u0131 Resmi Gazetede yay\u0131nlanarak kanunla\u015fm\u0131\u015f ve y\u00fcr\u00fcrl\u00fc\u011fe girmi\u015ftir.<\/p>\n\n\n\n<p>T\u00fcm camiam\u0131za hay\u0131rl\u0131 olsun.<\/p>\n\n\n\n<p>Ulusal Meslek Standard\u0131 &#8211; Jeomorfolog &#8211; Seviye 6 &#8211;&nbsp;Referans Kodu:&nbsp;19UMS0727-64<\/p>\n\n\n\n<div data-wp-interactive=\"core\/file\" class=\"wp-block-file\"><object data-wp-bind--hidden=\"!state.hasPdfPreview\" hidden class=\"wp-block-file__embed\" data=\"https:\/\/jd.org.tr\/wp-content\/uploads\/2025\/05\/ULUSAL-MESLEK-STANDARDI_19UMS0727-6-Rev-00-Jeomorfolog.pdf\" type=\"application\/pdf\" style=\"width:100%;height:500px\" aria-label=\"ULUSAL MESLEK STANDARDI_19UMS0727-6 g\u00f6m\u00fcs\u00fc.\"><\/object><a id=\"wp-block-file--media-05e60011-d9a6-4d7c-b102-c646a1f2c71d\" href=\"https:\/\/jd.org.tr\/wp-content\/uploads\/2025\/05\/ULUSAL-MESLEK-STANDARDI_19UMS0727-6-Rev-00-Jeomorfolog.pdf\">ULUSAL MESLEK STANDARDI_19UMS0727-6<\/a><a href=\"https:\/\/jd.org.tr\/wp-content\/uploads\/2025\/05\/ULUSAL-MESLEK-STANDARDI_19UMS0727-6-Rev-00-Jeomorfolog.pdf\" class=\"wp-block-file__button wp-element-button\" download aria-describedby=\"wp-block-file--media-05e60011-d9a6-4d7c-b102-c646a1f2c71d\">\u0130ndir<\/a><\/div>\n\n\n\n<p>Ulusal Meslek Standard\u0131 &#8211; Jeomorfolog &#8211; Seviye 6&nbsp;<\/p>\n\n\n\n<p>Resmi Gazetede Yay\u0131nlanan Tebli\u011f Metnine Eri\u015fim Ba\u011flant\u0131s\u0131<\/p>\n\n\n\n<p><a href=\"https:\/\/drive.google.com\/open?id=1g3ESY0_UzWLi0GuunHVg_8z3tz6o9GLN\">https:\/\/drive.google.com\/open?id=1g3ESY0_UzWLi0GuunHVg_8z3tz6o9GLN<\/a><\/p>\n<\/div><\/div>\n\n<\/div><\/div><\/div><\/div>\n\n<\/div><\/div>\n\n<style>.kb-row-layout-id2107_91a3cf-e3 > .kt-row-column-wrap{align-content:start;}:where(.kb-row-layout-id2107_91a3cf-e3 > .kt-row-column-wrap) > .wp-block-kadence-column{justify-content:start;}.kb-row-layout-id2107_91a3cf-e3 > .kt-row-column-wrap{column-gap:var(--global-kb-gap-md, 2rem);row-gap:var(--global-kb-gap-md, 2rem);max-width:var( --global-content-width, 1290px );padding-left:var(--global-content-edge-padding);padding-right:var(--global-content-edge-padding);padding-top:90px;padding-right:0px;padding-bottom:90px;padding-left:0px;grid-template-columns:minmax(0, 1fr);}.kb-row-layout-id2107_91a3cf-e3{background-image:url('https:\/\/jd.org.tr\/wp-content\/uploads\/2025\/04\/banner3.png');background-size:cover;background-position:56.99999999999999% 48%;background-attachment:scroll;background-repeat:no-repeat;}.kb-row-layout-id2107_91a3cf-e3 > .kt-row-layout-overlay{opacity:0.90;background-color:var(--global-palette3, #1A202C);}@media all and (max-width: 1024px){.kb-row-layout-id2107_91a3cf-e3 > .kt-row-column-wrap{padding-top:70px;padding-right:0px;padding-bottom:70px;padding-left:0px;grid-template-columns:minmax(0, 1fr);}}@media all and (max-width: 767px){.kb-row-layout-id2107_91a3cf-e3 > .kt-row-column-wrap{grid-template-columns:minmax(0, 1fr);}}<\/style><div class=\"kb-row-layout-wrap kb-row-layout-id2107_91a3cf-e3 alignnone kt-row-has-bg wp-block-kadence-rowlayout\"><div class=\"kt-row-layout-overlay kt-row-overlay-normal\"><\/div><div class=\"kt-row-column-wrap kt-has-1-columns kt-row-layout-equal kt-tab-layout-inherit kt-mobile-layout-row kt-row-valign-top kb-theme-content-width\">\n<style>.kadence-column2107_dc36ac-8f > .kt-inside-inner-col{padding-top:10px;padding-right:10px;padding-bottom:10px;padding-left:10px;}.kadence-column2107_dc36ac-8f > .kt-inside-inner-col,.kadence-column2107_dc36ac-8f > .kt-inside-inner-col:before{border-top-left-radius:0px;border-top-right-radius:0px;border-bottom-right-radius:0px;border-bottom-left-radius:0px;}.kadence-column2107_dc36ac-8f > .kt-inside-inner-col{column-gap:var(--global-kb-gap-sm, 1rem);}.kadence-column2107_dc36ac-8f > .kt-inside-inner-col{flex-direction:column;}.kadence-column2107_dc36ac-8f > .kt-inside-inner-col > .aligncenter{width:100%;}.kadence-column2107_dc36ac-8f > .kt-inside-inner-col:before{opacity:0.3;}.kadence-column2107_dc36ac-8f{position:relative;}@media all and (max-width: 1024px){.kadence-column2107_dc36ac-8f > .kt-inside-inner-col{flex-direction:column;justify-content:center;}}@media all and (max-width: 767px){.kadence-column2107_dc36ac-8f > .kt-inside-inner-col{flex-direction:column;justify-content:center;}}<\/style>\n<div class=\"wp-block-kadence-column kadence-column2107_dc36ac-8f inner-column-1\"><div class=\"kt-inside-inner-col\"><style>.wp-block-kadence-advancedheading.kt-adv-heading2107_486688-03, .wp-block-kadence-advancedheading.kt-adv-heading2107_486688-03[data-kb-block=\"kb-adv-heading2107_486688-03\"]{margin-top:0px;margin-right:0px;margin-bottom:37px;margin-left:0px;text-align:center;line-height:1em;font-style:normal;}.wp-block-kadence-advancedheading.kt-adv-heading2107_486688-03 mark.kt-highlight, .wp-block-kadence-advancedheading.kt-adv-heading2107_486688-03[data-kb-block=\"kb-adv-heading2107_486688-03\"] mark.kt-highlight{font-style:normal;color:#f76a0c;-webkit-box-decoration-break:clone;box-decoration-break:clone;padding-top:0px;padding-right:0px;padding-bottom:0px;padding-left:0px;}.wp-block-kadence-advancedheading.kt-adv-heading2107_486688-03 img.kb-inline-image, .wp-block-kadence-advancedheading.kt-adv-heading2107_486688-03[data-kb-block=\"kb-adv-heading2107_486688-03\"] img.kb-inline-image{width:150px;vertical-align:baseline;}<\/style>\n<h2 class=\"kt-adv-heading2107_486688-03 wp-block-kadence-advancedheading has-theme-palette-9-color has-text-color\" data-kb-block=\"kb-adv-heading2107_486688-03\"><\/h2>\n<\/div><\/div>\n\n<\/div><\/div>","protected":false},"excerpt":{"rendered":"<p>Jeomorfolog Ulusal Meslek Standard\u0131 Jeomorfolog Ulusal Meslek Standard\u0131 Kanunla\u015ft\u0131 Jeomorfoloji Derne\u011fi&#8217;nin Mesleki Yeterlilik Kurulu ile yapt\u0131\u011f\u0131 protokol gere\u011fi \u00e7al\u0131\u015fmalar\u0131 tamamlanm\u0131\u015f olup, &#8220;Jeomorfolog Ulusal Meslek Standard\u0131&#8221; 25 Ekim 2019 tarih ve 30929 (M\u00fckerrer) say\u0131l\u0131 Resmi Gazetede yay\u0131nlanarak kanunla\u015fm\u0131\u015f ve y\u00fcr\u00fcrl\u00fc\u011fe girmi\u015ftir. T\u00fcm camiam\u0131za hay\u0131rl\u0131 olsun. Ulusal Meslek Standard\u0131 &#8211; Jeomorfolog &#8211; Seviye 6 &#8211;&nbsp;Referans Kodu:&nbsp;19UMS0727-64 Ulusal&#8230;<\/p>\n","protected":false},"author":1,"featured_media":0,"parent":0,"menu_order":0,"comment_status":"closed","ping_status":"closed","template":"","meta":{"pagelayer_contact_templates":[],"_pagelayer_content":"","_kadence_starter_templates_imported_post":true,"_kad_post_transparent":"","_kad_post_title":"hide","_kad_post_layout":"fullwidth","_kad_post_sidebar_id":"","_kad_post_content_style":"unboxed","_kad_post_vertical_padding":"hide","_kad_post_feature":"hide","_kad_post_feature_position":"","_kad_post_header":false,"_kad_post_footer":false,"_kad_post_classname":"","footnotes":""},"class_list":["post-2107","page","type-page","status-publish","hentry"],"_links":{"self":[{"href":"https:\/\/jd.org.tr\/index.php\/wp-json\/wp\/v2\/pages\/2107","targetHints":{"allow":["GET"]}}],"collection":[{"href":"https:\/\/jd.org.tr\/index.php\/wp-json\/wp\/v2\/pages"}],"about":[{"href":"https:\/\/jd.org.tr\/index.php\/wp-json\/wp\/v2\/types\/page"}],"author":[{"embeddable":true,"href":"https:\/\/jd.org.tr\/index.php\/wp-json\/wp\/v2\/users\/1"}],"replies":[{"embeddable":true,"href":"https:\/\/jd.org.tr\/index.php\/wp-json\/wp\/v2\/comments?post=2107"}],"version-history":[{"count":9,"href":"https:\/\/jd.org.tr\/index.php\/wp-json\/wp\/v2\/pages\/2107\/revisions"}],"predecessor-version":[{"id":2184,"href":"https:\/\/jd.org.tr\/index.php\/wp-json\/wp\/v2\/pages\/2107\/revisions\/2184"}],"wp:attachment":[{"href":"https:\/\/jd.org.tr\/index.php\/wp-json\/wp\/v2\/media?parent=2107"}],"curies":[{"name":"wp","href":"https:\/\/api.w.org\/{rel}","templated":true}]}}