{"id":2083,"date":"2025-05-03T10:35:06","date_gmt":"2025-05-03T10:35:06","guid":{"rendered":"https:\/\/jd.org.tr\/?page_id=2083"},"modified":"2025-05-03T14:37:30","modified_gmt":"2025-05-03T14:37:30","slug":"genc-jeomorfologlar","status":"publish","type":"page","link":"https:\/\/jd.org.tr\/index.php\/genc-jeomorfologlar\/","title":{"rendered":"Gen\u00e7 Jeomorfologlar"},"content":{"rendered":"<style>.kb-row-layout-wrap.wp-block-kadence-rowlayout.kb-row-layout-id2083_938bc0-6d{margin-top:0px;margin-bottom:0px;}.kb-row-layout-id2083_938bc0-6d > .kt-row-column-wrap{align-content:center;}:where(.kb-row-layout-id2083_938bc0-6d > .kt-row-column-wrap) > .wp-block-kadence-column{justify-content:center;}.kb-row-layout-id2083_938bc0-6d > .kt-row-column-wrap{column-gap:var(--global-kb-gap-md, 2rem);row-gap:var(--global-kb-gap-md, 2rem);max-width:var( --global-content-width, 1290px );padding-left:var(--global-content-edge-padding);padding-right:var(--global-content-edge-padding);padding-top:150px;padding-right:0px;padding-bottom:100px;padding-left:0px;grid-template-columns:minmax(0, 1fr);}.kb-row-layout-id2083_938bc0-6d{background-image:url('https:\/\/jd.org.tr\/wp-content\/uploads\/2025\/04\/banner1.png');background-size:cover;background-position:60% 74%;background-attachment:scroll;background-repeat:no-repeat;}.kb-row-layout-id2083_938bc0-6d > .kt-row-layout-overlay{opacity:0.60;background-color:var(--global-palette3, #1A202C);}@media all and (max-width: 1024px){.kb-row-layout-id2083_938bc0-6d > .kt-row-column-wrap{padding-top:150px;padding-right:0px;padding-bottom:80px;padding-left:0px;grid-template-columns:minmax(0, 1fr);}}@media all and (max-width: 767px){.kb-row-layout-id2083_938bc0-6d > .kt-row-column-wrap{padding-top:120px;padding-right:0px;padding-bottom:60px;padding-left:0px;grid-template-columns:minmax(0, 1fr);}}<\/style><div class=\"kb-row-layout-wrap kb-row-layout-id2083_938bc0-6d alignnone kt-row-has-bg wp-block-kadence-rowlayout\"><div class=\"kt-row-layout-overlay kt-row-overlay-normal\"><\/div><div class=\"kt-row-column-wrap kt-has-1-columns kt-row-layout-equal kt-tab-layout-inherit kt-mobile-layout-row kt-row-valign-middle kb-theme-content-width\">\n<style>.kadence-column2083_a86bfe-18 > .kt-inside-inner-col{padding-top:0px;padding-right:10px;padding-bottom:0px;padding-left:10px;}.kadence-column2083_a86bfe-18 > .kt-inside-inner-col,.kadence-column2083_a86bfe-18 > .kt-inside-inner-col:before{border-top-left-radius:0px;border-top-right-radius:0px;border-bottom-right-radius:0px;border-bottom-left-radius:0px;}.kadence-column2083_a86bfe-18 > .kt-inside-inner-col{column-gap:var(--global-kb-gap-sm, 1rem);}.kadence-column2083_a86bfe-18 > .kt-inside-inner-col{flex-direction:column;}.kadence-column2083_a86bfe-18 > .kt-inside-inner-col > .aligncenter{width:100%;}.kadence-column2083_a86bfe-18 > .kt-inside-inner-col:before{opacity:0.3;}.kadence-column2083_a86bfe-18{position:relative;}@media all and (max-width: 1024px){.kadence-column2083_a86bfe-18 > .kt-inside-inner-col{padding-top:0px;padding-right:0px;padding-bottom:0px;padding-left:0px;flex-direction:column;justify-content:center;}}@media all and (max-width: 767px){.kadence-column2083_a86bfe-18 > .kt-inside-inner-col{flex-direction:column;justify-content:center;}}<\/style>\n<div class=\"wp-block-kadence-column kadence-column2083_a86bfe-18 inner-column-1\"><div class=\"kt-inside-inner-col\"><style>.kb-row-layout-id2083_e3b4c3-22 > .kt-row-column-wrap{align-content:start;}:where(.kb-row-layout-id2083_e3b4c3-22 > .kt-row-column-wrap) > .wp-block-kadence-column{justify-content:start;}.kb-row-layout-id2083_e3b4c3-22 > .kt-row-column-wrap{column-gap:var(--global-kb-gap-md, 2rem);row-gap:var(--global-kb-gap-md, 2rem);max-width:600px;margin-left:auto;margin-right:auto;padding-top:0px;padding-right:0px;padding-bottom:0px;padding-left:0px;grid-template-columns:minmax(0, 1fr);}.kb-row-layout-id2083_e3b4c3-22 > .kt-row-layout-overlay{opacity:0.30;}@media all and (max-width: 1024px){.kb-row-layout-id2083_e3b4c3-22 > .kt-row-column-wrap{grid-template-columns:minmax(0, 1fr);}}@media all and (max-width: 767px){.kb-row-layout-id2083_e3b4c3-22 > .kt-row-column-wrap{padding-top:40px;padding-right:20px;padding-bottom:0px;padding-left:20px;grid-template-columns:minmax(0, 1fr);}}<\/style><div class=\"kb-row-layout-wrap kb-row-layout-id2083_e3b4c3-22 alignnone wp-block-kadence-rowlayout\"><div class=\"kt-row-column-wrap kt-has-1-columns kt-row-layout-equal kt-tab-layout-inherit kt-mobile-layout-row kt-row-valign-top\">\n<style>.kadence-column2083_03b787-a2 > .kt-inside-inner-col{padding-top:10px;padding-right:10px;padding-bottom:10px;padding-left:10px;}.kadence-column2083_03b787-a2 > .kt-inside-inner-col,.kadence-column2083_03b787-a2 > .kt-inside-inner-col:before{border-top-left-radius:0px;border-top-right-radius:0px;border-bottom-right-radius:0px;border-bottom-left-radius:0px;}.kadence-column2083_03b787-a2 > .kt-inside-inner-col{column-gap:var(--global-kb-gap-sm, 1rem);}.kadence-column2083_03b787-a2 > .kt-inside-inner-col{flex-direction:column;}.kadence-column2083_03b787-a2 > .kt-inside-inner-col > .aligncenter{width:100%;}.kadence-column2083_03b787-a2 > .kt-inside-inner-col:before{opacity:0.3;}.kadence-column2083_03b787-a2{position:relative;}@media all and (max-width: 1024px){.kadence-column2083_03b787-a2 > .kt-inside-inner-col{flex-direction:column;justify-content:center;}}@media all and (max-width: 767px){.kadence-column2083_03b787-a2 > .kt-inside-inner-col{flex-direction:column;justify-content:center;}}<\/style>\n<div class=\"wp-block-kadence-column kadence-column2083_03b787-a2 inner-column-1\"><div class=\"kt-inside-inner-col\"><style>.wp-block-kadence-advancedheading.kt-adv-heading2083_7375ef-9e, .wp-block-kadence-advancedheading.kt-adv-heading2083_7375ef-9e[data-kb-block=\"kb-adv-heading2083_7375ef-9e\"]{margin-top:0px;margin-right:0px;margin-bottom:25px;margin-left:0px;text-align:center;font-size:50px;line-height:1em;font-style:normal;}.wp-block-kadence-advancedheading.kt-adv-heading2083_7375ef-9e mark.kt-highlight, .wp-block-kadence-advancedheading.kt-adv-heading2083_7375ef-9e[data-kb-block=\"kb-adv-heading2083_7375ef-9e\"] mark.kt-highlight{font-style:normal;color:#f76a0c;-webkit-box-decoration-break:clone;box-decoration-break:clone;padding-top:0px;padding-right:0px;padding-bottom:0px;padding-left:0px;}.wp-block-kadence-advancedheading.kt-adv-heading2083_7375ef-9e img.kb-inline-image, .wp-block-kadence-advancedheading.kt-adv-heading2083_7375ef-9e[data-kb-block=\"kb-adv-heading2083_7375ef-9e\"] img.kb-inline-image{width:150px;vertical-align:baseline;}@media all and (max-width: 767px){.wp-block-kadence-advancedheading.kt-adv-heading2083_7375ef-9e, .wp-block-kadence-advancedheading.kt-adv-heading2083_7375ef-9e[data-kb-block=\"kb-adv-heading2083_7375ef-9e\"]{font-size:40px;}}<\/style>\n<h2 class=\"kt-adv-heading2083_7375ef-9e wp-block-kadence-advancedheading has-theme-palette-9-color has-text-color\" data-kb-block=\"kb-adv-heading2083_7375ef-9e\">Gen\u00e7 Jeomorfologlar Grubu<\/h2>\n\n\n<style>.wp-block-kadence-advancedheading.kt-adv-heading2083_230ec1-78, .wp-block-kadence-advancedheading.kt-adv-heading2083_230ec1-78[data-kb-block=\"kb-adv-heading2083_230ec1-78\"]{text-align:center;font-style:normal;}.wp-block-kadence-advancedheading.kt-adv-heading2083_230ec1-78 mark.kt-highlight, .wp-block-kadence-advancedheading.kt-adv-heading2083_230ec1-78[data-kb-block=\"kb-adv-heading2083_230ec1-78\"] mark.kt-highlight{font-style:normal;color:#f76a0c;-webkit-box-decoration-break:clone;box-decoration-break:clone;padding-top:0px;padding-right:0px;padding-bottom:0px;padding-left:0px;}.wp-block-kadence-advancedheading.kt-adv-heading2083_230ec1-78 img.kb-inline-image, .wp-block-kadence-advancedheading.kt-adv-heading2083_230ec1-78[data-kb-block=\"kb-adv-heading2083_230ec1-78\"] img.kb-inline-image{width:150px;vertical-align:baseline;}<\/style>\n<p class=\"kt-adv-heading2083_230ec1-78 wp-block-kadence-advancedheading has-theme-palette-9-color has-text-color\" data-kb-block=\"kb-adv-heading2083_230ec1-78\"><\/p>\n<\/div><\/div>\n\n<\/div><\/div><\/div><\/div>\n\n<\/div><\/div>\n\n<style>.kb-row-layout-id2083_642403-fe > .kt-row-column-wrap{align-content:start;}:where(.kb-row-layout-id2083_642403-fe > .kt-row-column-wrap) > .wp-block-kadence-column{justify-content:start;}.kb-row-layout-id2083_642403-fe > .kt-row-column-wrap{column-gap:var(--global-kb-gap-md, 2rem);row-gap:var(--global-kb-gap-md, 2rem);max-width:var( --global-content-width, 1290px );padding-left:var(--global-content-edge-padding);padding-right:var(--global-content-edge-padding);padding-top:48px;padding-right:0px;padding-bottom:27px;padding-left:0px;grid-template-columns:minmax(0, 1fr);}.kb-row-layout-id2083_642403-fe{background-image:url('https:\/\/jd.org.tr\/wp-content\/uploads\/2021\/04\/pencilsketchadjusted-1874885.png');background-size:cover;background-position:center center;background-attachment:scroll;background-repeat:no-repeat;}.kb-row-layout-id2083_642403-fe > .kt-row-layout-overlay{opacity:0.70;background-color:var(--global-palette8, #F7FAFC);}@media all and (max-width: 1024px){.kb-row-layout-id2083_642403-fe > .kt-row-column-wrap{padding-top:60px;padding-right:30px;padding-bottom:30px;padding-left:30px;grid-template-columns:minmax(0, 1fr);}}@media all and (max-width: 767px){.kb-row-layout-id2083_642403-fe > .kt-row-column-wrap{padding-top:40px;padding-right:15px;padding-bottom:30px;padding-left:15px;grid-template-columns:minmax(0, 1fr);}}<\/style><div class=\"kb-row-layout-wrap kb-row-layout-id2083_642403-fe alignnone kt-row-has-bg wp-block-kadence-rowlayout\"><div class=\"kt-row-layout-overlay kt-row-overlay-normal\"><\/div><div class=\"kt-row-column-wrap kt-has-1-columns kt-row-layout-equal kt-tab-layout-inherit kt-mobile-layout-row kt-row-valign-top kb-theme-content-width\">\n<style>.kadence-column2083_93f47f-a0 > .kt-inside-inner-col{padding-top:0px;padding-right:0px;padding-bottom:0px;padding-left:0px;}.kadence-column2083_93f47f-a0 > .kt-inside-inner-col,.kadence-column2083_93f47f-a0 > .kt-inside-inner-col:before{border-top-left-radius:0px;border-top-right-radius:0px;border-bottom-right-radius:0px;border-bottom-left-radius:0px;}.kadence-column2083_93f47f-a0 > .kt-inside-inner-col{column-gap:var(--global-kb-gap-sm, 1rem);}.kadence-column2083_93f47f-a0 > .kt-inside-inner-col{flex-direction:column;}.kadence-column2083_93f47f-a0 > .kt-inside-inner-col > .aligncenter{width:100%;}.kadence-column2083_93f47f-a0 > .kt-inside-inner-col:before{opacity:0.3;}.kadence-column2083_93f47f-a0{position:relative;}.kadence-column2083_93f47f-a0, .kt-inside-inner-col > .kadence-column2083_93f47f-a0:not(.specificity){margin-top:0px;margin-right:0px;margin-bottom:0px;margin-left:0px;}@media all and (max-width: 1024px){.kadence-column2083_93f47f-a0 > .kt-inside-inner-col{padding-top:40px;padding-right:40px;padding-bottom:40px;padding-left:40px;flex-direction:column;justify-content:center;}}@media all and (max-width: 1024px){.kadence-column2083_93f47f-a0, .kt-inside-inner-col > .kadence-column2083_93f47f-a0:not(.specificity){margin-top:0px;margin-right:0px;margin-bottom:40px;margin-left:0px;}}@media all and (max-width: 767px){.kadence-column2083_93f47f-a0 > .kt-inside-inner-col{padding-top:0px;padding-right:0px;padding-bottom:0px;padding-left:0px;flex-direction:column;justify-content:center;}}<\/style>\n<div class=\"wp-block-kadence-column kadence-column2083_93f47f-a0 inner-column-1\"><div class=\"kt-inside-inner-col\"><style>.kb-row-layout-id2083_6a7035-ef > .kt-row-column-wrap{align-content:start;}:where(.kb-row-layout-id2083_6a7035-ef > .kt-row-column-wrap) > .wp-block-kadence-column{justify-content:start;}.kb-row-layout-id2083_6a7035-ef > .kt-row-column-wrap{column-gap:var(--global-kb-gap-none, 0rem );row-gap:var(--global-kb-gap-none, 0rem );max-width:1250px;margin-left:auto;margin-right:auto;padding-top:0px;padding-right:0px;padding-bottom:0px;padding-left:0px;grid-template-columns:minmax(0, 1fr);}.kb-row-layout-id2083_6a7035-ef > .kt-row-layout-overlay{opacity:0.30;}@media all and (max-width: 1024px){.kb-row-layout-id2083_6a7035-ef > .kt-row-column-wrap{grid-template-columns:minmax(0, 1fr);}}@media all and (max-width: 767px){.kb-row-layout-id2083_6a7035-ef > .kt-row-column-wrap{grid-template-columns:minmax(0, 1fr);}}<\/style><div class=\"kb-row-layout-wrap kb-row-layout-id2083_6a7035-ef alignnone wp-block-kadence-rowlayout\"><div class=\"kt-row-column-wrap kt-has-1-columns kt-row-layout-equal kt-tab-layout-inherit kt-mobile-layout-row kt-row-valign-top\">\n<style>.kadence-column2083_6aaab6-c0 > .kt-inside-inner-col,.kadence-column2083_6aaab6-c0 > .kt-inside-inner-col:before{border-top-left-radius:0px;border-top-right-radius:0px;border-bottom-right-radius:0px;border-bottom-left-radius:0px;}.kadence-column2083_6aaab6-c0 > .kt-inside-inner-col{column-gap:var(--global-kb-gap-sm, 1rem);}.kadence-column2083_6aaab6-c0 > .kt-inside-inner-col{flex-direction:column;}.kadence-column2083_6aaab6-c0 > .kt-inside-inner-col > .aligncenter{width:100%;}.kadence-column2083_6aaab6-c0 > .kt-inside-inner-col:before{opacity:0.3;}.kadence-column2083_6aaab6-c0{position:relative;}@media all and (max-width: 1024px){.kadence-column2083_6aaab6-c0 > .kt-inside-inner-col{flex-direction:column;justify-content:center;}}@media all and (max-width: 767px){.kadence-column2083_6aaab6-c0 > .kt-inside-inner-col{flex-direction:column;justify-content:center;}}<\/style>\n<div class=\"wp-block-kadence-column kadence-column2083_6aaab6-c0\"><div class=\"kt-inside-inner-col\">\n<h2 class=\"wp-block-heading\" id=\"page-title\">Gen\u00e7 Jeomorfologlar Grubu \/ Young Geomorphologists Group<\/h2>\n\n\n\n<p><strong>Gen\u00e7 Jeomorfologlar Grubu Protokol\u00fc<\/strong><\/p>\n\n\n\n<p><strong>1) Tan\u0131m:<br><\/strong>Gen\u00e7 Jeomorfologlar Grubu (Young Geomorphologists Group); Jeomorfoloji bilimi lisans\u00fcst\u00fc e\u011fitimi alan (Y\u00fcksek Lisans ve Doktora) \u00f6\u011frencileri ve doktoras\u0131n\u0131 tamamlam\u0131\u015f ancak Do\u00e7entlik unvan\u0131 almam\u0131\u015f ve Jeomorfoloji Derne\u011fi as\u0131l \u00fcyesi olan gen\u00e7 bilim insanlar\u0131n\u0131n, jeomorfoloji \u00e7al\u0131\u015fmalar\u0131nda ve payla\u015f\u0131mlar\u0131nda, her t\u00fcrl\u00fc bilimsel etkinlikte, kamu yarar\u0131na jeomorfoloji \u00e7al\u0131\u015fmalar\u0131nda bulunmak \u00fczere, Jeomorfoloji Derne\u011fi Y\u00f6netim Kuruluna ba\u011fl\u0131 olarak \u00e7al\u0131\u015fmak \u00fczere olu\u015fturulan bir alt gruptur.<\/p>\n\n\n\n<p><strong>2) Ama\u00e7:<br><\/strong>Gen\u00e7 Jeomorfologlar Grubu; \u00fcyesi olan gen\u00e7 bilim insanlar\u0131n\u0131n jeomorfoloji \u00e7al\u0131\u015fmalar\u0131nda ve payla\u015f\u0131mlar\u0131nda bulunmas\u0131, jeomorfoloji ile ilgili her t\u00fcrl\u00fc bilimsel etkinlik organize etmesi ve ulusal, uluslararas\u0131 etkinliklere kat\u0131lmas\u0131, kamu yarar\u0131na jeomorfoloji \u00e7al\u0131\u015fmalar\u0131nda bulunmas\u0131, jeomorfoloji bilim dal\u0131n\u0131 tan\u0131tmak ve tan\u0131n\u0131rl\u0131\u011f\u0131n\u0131 sa\u011flay\u0131c\u0131 \u00e7al\u0131\u015fmalarda bulunmas\u0131 \u00f6ncelikli olmak \u00fczere a\u015fa\u011f\u0131daki 5. maddede \u00f6zetlenen faaliyetleri ger\u00e7ekle\u015ftirmek amac\u0131yla olu\u015fturulmu\u015ftur.<\/p>\n\n\n\n<p><strong>3) Grup \u00fcyelik ko\u015fullar\u0131:<br><\/strong>A\u015fa\u011f\u0131daki ko\u015fullar\u0131 sa\u011flayan adaylar grup \u00fcyesi olabilir.<br>a) Jeomorfoloji bilimi lisans\u00fcst\u00fc (Y\u00fcksek Lisans ve\/ya Doktora) e\u011fitimi alan \u00f6\u011frenciler ile Doktoras\u0131n\u0131 tamamlam\u0131\u015f ancak Do\u00e7entlik unvan\u0131 almam\u0131\u015f olmak,<br>b) Jeomorfoloji Derne\u011fi as\u0131l \u00fcyesi olmak.<\/p>\n\n\n\n<p>Grup \u00fcyelik ko\u015fullar\u0131n\u0131 d\u00fczenleyen&nbsp;a ve b maddelerindeki \u015fartlar\u0131 ta\u015f\u0131yanlar, Gen\u00e7 Jeomorfologlar Grubu&#8217;nun do\u011fal \u00fcyesidirler. \u00dcyelik ile ilgili herhangi bir i\u015flem yap\u0131lmas\u0131na gerek yoktur.&nbsp;<\/p>\n\n\n\n<p><strong>4) Yap\u0131lanma:<br><\/strong>Gen\u00e7 Jeomorfologlar Grubu; yukar\u0131daki ilk 3 madde ile tarif edilen ko\u015fullardaki \u00fcyelerden olu\u015fur. Grup; kendi \u00fcyeleri i\u00e7inden olu\u015fturulan 10 ki\u015filik bir \u201c\u0130cra Kurulu\u201d taraf\u0131ndan y\u00f6netilir. Grup icra kurulu, Jeomorfoloji Derne\u011finin Ola\u011fan Genel Kurulunda, her 3 y\u0131lda bir se\u00e7imle yenilenir. Her yeni se\u00e7ilen icra kurulu kendi i\u00e7inden bir ba\u015fkan se\u00e7er ve g\u00f6rev da\u011f\u0131l\u0131m\u0131 yapar. \u0130cra kurulu faaliyetlerinde Jeomorfoloji Derne\u011fi Y\u00f6netim Kuruluna kar\u015f\u0131 sorumludur. Jeomorfoloji Derne\u011fi Y\u00f6netim Kurulunun onay\u0131 ile kendisi ile birlikte \u00e7al\u0131\u015fmak \u00fczere alt \u00e7al\u0131\u015fma gruplar\u0131 kurabilir. Gen\u00e7 Jeomorfologlar Grubu; grup amac\u0131 do\u011frultusundaki t\u00fcm faaliyetlerini Jeomorfoloji Derne\u011fi Y\u00f6netim Kuruluna ba\u011fl\u0131 olarak, Dernek y\u00f6netim kurulunun onay ve denetiminde&nbsp;s\u00fcrd\u00fcr\u00fcr.<\/p>\n\n\n\n<p><strong>5) Faaliyetleri:<br><\/strong>Kurumlara ve topluma jeomorfoloji bilimini tan\u0131tmak, jeomorfoloji biliminin tan\u0131n\u0131rl\u0131\u011f\u0131na artt\u0131rmak i\u00e7in \u00e7al\u0131\u015f\u0131r.<br>Jeomorfolojiye ilgi duyan lisans \u00f6\u011frencileri ile irtibata ge\u00e7erek ortak e\u011fitim ve uygulama \u00e7al\u0131\u015fmalar\u0131nda bulunur. Gen\u00e7 jeomorfologlar\u0131n geli\u015fimlerini desteklemek ve ko\u015fullar\u0131n\u0131 iyile\u015ftirmek i\u00e7in faaliyetler yapar. Gen\u00e7 jeomorfologlar\u0131n ara\u015ft\u0131rmalar\u0131n\u0131 te\u015fvik eder.<br>Yap\u0131lacak jeomorfoloji i\u00e7erikli \u00e7al\u0131\u015fmalarla g\u00fcndemde olan veya g\u00f6z ard\u0131 edilen sorunlara bilimsel yakla\u015f\u0131mlarda bulunarak ilgili mercilere \u00e7\u00f6z\u00fcm \u00f6nerileri sunar.<br>Jeomorfoloji i\u00e7erikli panel, seminer, arazi \u00e7al\u0131\u015fmas\u0131, belgesel g\u00f6sterimleri vb. faaliyetler organize eder ve uygular.<br>Farkl\u0131 \u00fclkelerdeki gen\u00e7 jeomorfologlar aras\u0131ndaki ileti\u015fimi g\u00fc\u00e7lendirmeye y\u00f6nelik uluslararas\u0131 bir sosyal a\u011f olu\u015fturmak ve \u201cIAG Network of Young Geomorphologists\u2019 Groups\u201d ile ileti\u015fim ve aksiyon i\u00e7inde olmaya \u00e7al\u0131\u015f\u0131r.<br>Uluslararas\u0131 \u00f6l\u00e7ekte farkl\u0131 \u00fcniversite ve ara\u015ft\u0131rma kurumlar\u0131 aras\u0131nda bilgi ve deneyim transferi sa\u011flamak i\u00e7in \u00e7al\u0131\u015fmalar yapar.<br>Yay\u0131nlayaca\u011f\u0131 dergi ve yaz\u0131n t\u00fcrleri ile g\u00fcncel ve insanlar\u0131n merak etti\u011fi jeomorfoloji i\u00e7erikli konular\u0131, Jeomorfoloji Derne\u011fi Y\u00f6netim Kurulu onay ve g\u00f6r\u00fc\u015flerini al\u0131narak topluma sunar.<br>G\u00fcncel ve ya\u015fam\u0131n i\u00e7inden Jeomorfoloji konular\u0131nda lisans ve lisans\u00fcst\u00fc seviyelerdeki panel, g\u00f6sterim, gezi gibi faaliyetler organize etmeye \u00e7al\u0131\u015f\u0131r.<br>Olanaklar do\u011frultusunda b\u00f6lge veya \u00fclke \u00e7ap\u0131nda bilimsel ve e\u011fitsel alanda; jeomorfoloji i\u00e7erikli ara\u015ft\u0131rmalar, bilimsel toplant\u0131lar, geziler gibi faaliyetler ger\u00e7ekle\u015ftirerek, farkl\u0131 meslek e\u011fitimindeki veya gurubundaki insanlara jeomorfolojiyi sevdirmek i\u00e7in \u00e7al\u0131\u015fmalar yapar.<br>Kurulacak ileti\u015fim a\u011flar\u0131 arac\u0131l\u0131\u011f\u0131yla gen\u00e7 jeomorfologlar aras\u0131ndaki etkile\u015fimi s\u00fcrd\u00fcr\u00fclebilir k\u0131lar, mezunlar ile \u00f6\u011frenciler aras\u0131ndaki ba\u011f\u0131n kurulmas\u0131na ve geli\u015ftirilmesine yard\u0131mc\u0131 olur.<br>\u0130lgili alanlarda e\u011fitim sonras\u0131 i\u015f imk\u00e2nlar\u0131n\u0131 ara\u015ft\u0131r\u0131r ve tan\u0131t\u0131c\u0131 etkinliklerde bulunur. Ayr\u0131ca i\u015f d\u00fcnyas\u0131 ile gen\u00e7 jeomorfologlar aras\u0131nda diyalogu artt\u0131r\u0131c\u0131 bir ortam haz\u0131rlamak i\u00e7in \u00e7al\u0131\u015f\u0131r.<br>\u00d6\u011frenciler ve gen\u00e7 bilim insanlar\u0131na projelerini ve fikirlerini, jeomorfolojik ara\u015ft\u0131rmalardaki g\u00fcncel geli\u015fmeleri ve saha, laboratuvar ve bilgisayar tabanl\u0131 ara\u015ft\u0131rmalarda uygulanan (yeni) teknikleri sunma ve tart\u0131\u015fma f\u0131rsat\u0131 sunmaya \u00e7al\u0131\u015f\u0131r.<\/p>\n<\/div><\/div>\n\n<\/div><\/div><\/div><\/div>\n\n\n<style>.kadence-column2083_8f2753-87 > .kt-inside-inner-col,.kadence-column2083_8f2753-87 > .kt-inside-inner-col:before{border-top-left-radius:0px;border-top-right-radius:0px;border-bottom-right-radius:0px;border-bottom-left-radius:0px;}.kadence-column2083_8f2753-87 > .kt-inside-inner-col{column-gap:var(--global-kb-gap-sm, 1rem);}.kadence-column2083_8f2753-87 > .kt-inside-inner-col{flex-direction:column;}.kadence-column2083_8f2753-87 > .kt-inside-inner-col > .aligncenter{width:100%;}.kadence-column2083_8f2753-87 > .kt-inside-inner-col:before{opacity:0.3;}.kadence-column2083_8f2753-87{position:relative;}@media all and (max-width: 1024px){.kadence-column2083_8f2753-87 > .kt-inside-inner-col{flex-direction:column;justify-content:center;}}@media all and (max-width: 767px){.kadence-column2083_8f2753-87 > .kt-inside-inner-col{flex-direction:column;justify-content:center;}}<\/style>\n<div class=\"wp-block-kadence-column kadence-column2083_8f2753-87\"><div class=\"kt-inside-inner-col\"><\/div><\/div>\n\n<\/div><\/div>\n\n<style>.kb-row-layout-id2083_698df0-f9 > .kt-row-column-wrap{align-content:start;}:where(.kb-row-layout-id2083_698df0-f9 > .kt-row-column-wrap) > .wp-block-kadence-column{justify-content:start;}.kb-row-layout-id2083_698df0-f9 > .kt-row-column-wrap{column-gap:var(--global-kb-gap-md, 2rem);row-gap:var(--global-kb-gap-md, 2rem);max-width:var( --global-content-width, 1290px );padding-left:var(--global-content-edge-padding);padding-right:var(--global-content-edge-padding);padding-top:90px;padding-right:0px;padding-bottom:90px;padding-left:0px;grid-template-columns:minmax(0, 1fr);}.kb-row-layout-id2083_698df0-f9{background-image:url('https:\/\/jd.org.tr\/wp-content\/uploads\/2025\/04\/banner3.png');background-size:cover;background-position:56.99999999999999% 48%;background-attachment:scroll;background-repeat:no-repeat;}.kb-row-layout-id2083_698df0-f9 > .kt-row-layout-overlay{opacity:0.90;background-color:var(--global-palette3, #1A202C);}@media all and (max-width: 1024px){.kb-row-layout-id2083_698df0-f9 > .kt-row-column-wrap{padding-top:70px;padding-right:0px;padding-bottom:70px;padding-left:0px;grid-template-columns:minmax(0, 1fr);}}@media all and (max-width: 767px){.kb-row-layout-id2083_698df0-f9 > .kt-row-column-wrap{grid-template-columns:minmax(0, 1fr);}}<\/style><div class=\"kb-row-layout-wrap kb-row-layout-id2083_698df0-f9 alignnone kt-row-has-bg wp-block-kadence-rowlayout\"><div class=\"kt-row-layout-overlay kt-row-overlay-normal\"><\/div><div class=\"kt-row-column-wrap kt-has-1-columns kt-row-layout-equal kt-tab-layout-inherit kt-mobile-layout-row kt-row-valign-top kb-theme-content-width\">\n<style>.kadence-column2083_f0912f-79 > .kt-inside-inner-col{padding-top:10px;padding-right:10px;padding-bottom:10px;padding-left:10px;}.kadence-column2083_f0912f-79 > .kt-inside-inner-col,.kadence-column2083_f0912f-79 > .kt-inside-inner-col:before{border-top-left-radius:0px;border-top-right-radius:0px;border-bottom-right-radius:0px;border-bottom-left-radius:0px;}.kadence-column2083_f0912f-79 > .kt-inside-inner-col{column-gap:var(--global-kb-gap-sm, 1rem);}.kadence-column2083_f0912f-79 > .kt-inside-inner-col{flex-direction:column;}.kadence-column2083_f0912f-79 > .kt-inside-inner-col > .aligncenter{width:100%;}.kadence-column2083_f0912f-79 > .kt-inside-inner-col:before{opacity:0.3;}.kadence-column2083_f0912f-79{position:relative;}@media all and (max-width: 1024px){.kadence-column2083_f0912f-79 > .kt-inside-inner-col{flex-direction:column;justify-content:center;}}@media all and (max-width: 767px){.kadence-column2083_f0912f-79 > .kt-inside-inner-col{flex-direction:column;justify-content:center;}}<\/style>\n<div class=\"wp-block-kadence-column kadence-column2083_f0912f-79 inner-column-1\"><div class=\"kt-inside-inner-col\"><style>.wp-block-kadence-advancedheading.kt-adv-heading2083_c75f7a-e8, .wp-block-kadence-advancedheading.kt-adv-heading2083_c75f7a-e8[data-kb-block=\"kb-adv-heading2083_c75f7a-e8\"]{margin-top:0px;margin-right:0px;margin-bottom:37px;margin-left:0px;text-align:center;line-height:1em;font-style:normal;}.wp-block-kadence-advancedheading.kt-adv-heading2083_c75f7a-e8 mark.kt-highlight, .wp-block-kadence-advancedheading.kt-adv-heading2083_c75f7a-e8[data-kb-block=\"kb-adv-heading2083_c75f7a-e8\"] mark.kt-highlight{font-style:normal;color:#f76a0c;-webkit-box-decoration-break:clone;box-decoration-break:clone;padding-top:0px;padding-right:0px;padding-bottom:0px;padding-left:0px;}.wp-block-kadence-advancedheading.kt-adv-heading2083_c75f7a-e8 img.kb-inline-image, .wp-block-kadence-advancedheading.kt-adv-heading2083_c75f7a-e8[data-kb-block=\"kb-adv-heading2083_c75f7a-e8\"] img.kb-inline-image{width:150px;vertical-align:baseline;}<\/style>\n<h2 class=\"kt-adv-heading2083_c75f7a-e8 wp-block-kadence-advancedheading has-theme-palette-9-color has-text-color\" data-kb-block=\"kb-adv-heading2083_c75f7a-e8\"><\/h2>\n<\/div><\/div>\n\n<\/div><\/div>","protected":false},"excerpt":{"rendered":"<p>Gen\u00e7 Jeomorfologlar Grubu Gen\u00e7 Jeomorfologlar Grubu \/ Young Geomorphologists Group Gen\u00e7 Jeomorfologlar Grubu Protokol\u00fc 1) Tan\u0131m:Gen\u00e7 Jeomorfologlar Grubu (Young Geomorphologists Group); Jeomorfoloji bilimi lisans\u00fcst\u00fc e\u011fitimi alan (Y\u00fcksek Lisans ve Doktora) \u00f6\u011frencileri ve doktoras\u0131n\u0131 tamamlam\u0131\u015f ancak Do\u00e7entlik unvan\u0131 almam\u0131\u015f ve Jeomorfoloji Derne\u011fi as\u0131l \u00fcyesi olan gen\u00e7 bilim insanlar\u0131n\u0131n, jeomorfoloji \u00e7al\u0131\u015fmalar\u0131nda ve payla\u015f\u0131mlar\u0131nda, her t\u00fcrl\u00fc bilimsel etkinlikte,&#8230;<\/p>\n","protected":false},"author":1,"featured_media":0,"parent":0,"menu_order":0,"comment_status":"closed","ping_status":"closed","template":"","meta":{"pagelayer_contact_templates":[],"_pagelayer_content":"","_kadence_starter_templates_imported_post":true,"_kad_post_transparent":"","_kad_post_title":"hide","_kad_post_layout":"fullwidth","_kad_post_sidebar_id":"","_kad_post_content_style":"unboxed","_kad_post_vertical_padding":"hide","_kad_post_feature":"hide","_kad_post_feature_position":"","_kad_post_header":false,"_kad_post_footer":false,"_kad_post_classname":"","footnotes":""},"class_list":["post-2083","page","type-page","status-publish","hentry"],"_links":{"self":[{"href":"https:\/\/jd.org.tr\/index.php\/wp-json\/wp\/v2\/pages\/2083","targetHints":{"allow":["GET"]}}],"collection":[{"href":"https:\/\/jd.org.tr\/index.php\/wp-json\/wp\/v2\/pages"}],"about":[{"href":"https:\/\/jd.org.tr\/index.php\/wp-json\/wp\/v2\/types\/page"}],"author":[{"embeddable":true,"href":"https:\/\/jd.org.tr\/index.php\/wp-json\/wp\/v2\/users\/1"}],"replies":[{"embeddable":true,"href":"https:\/\/jd.org.tr\/index.php\/wp-json\/wp\/v2\/comments?post=2083"}],"version-history":[{"count":3,"href":"https:\/\/jd.org.tr\/index.php\/wp-json\/wp\/v2\/pages\/2083\/revisions"}],"predecessor-version":[{"id":2139,"href":"https:\/\/jd.org.tr\/index.php\/wp-json\/wp\/v2\/pages\/2083\/revisions\/2139"}],"wp:attachment":[{"href":"https:\/\/jd.org.tr\/index.php\/wp-json\/wp\/v2\/media?parent=2083"}],"curies":[{"name":"wp","href":"https:\/\/api.w.org\/{rel}","templated":true}]}}