{"id":1792,"date":"2025-05-02T10:57:51","date_gmt":"2025-05-02T10:57:51","guid":{"rendered":"https:\/\/jd.org.tr\/?page_id=1792"},"modified":"2025-05-03T11:30:15","modified_gmt":"2025-05-03T11:30:15","slug":"calisma-gruplari","status":"publish","type":"page","link":"https:\/\/jd.org.tr\/index.php\/calisma-gruplari\/","title":{"rendered":"\u00c7al\u0131\u015fma Gruplar\u0131"},"content":{"rendered":"<style>.kb-row-layout-wrap.wp-block-kadence-rowlayout.kb-row-layout-id1792_7fb7fc-13{margin-top:0px;margin-bottom:0px;}.kb-row-layout-id1792_7fb7fc-13 > .kt-row-column-wrap{align-content:center;}:where(.kb-row-layout-id1792_7fb7fc-13 > .kt-row-column-wrap) > .wp-block-kadence-column{justify-content:center;}.kb-row-layout-id1792_7fb7fc-13 > .kt-row-column-wrap{column-gap:var(--global-kb-gap-md, 2rem);row-gap:var(--global-kb-gap-md, 2rem);max-width:var( --global-content-width, 1290px );padding-left:var(--global-content-edge-padding);padding-right:var(--global-content-edge-padding);padding-top:150px;padding-right:0px;padding-bottom:100px;padding-left:0px;grid-template-columns:minmax(0, 1fr);}.kb-row-layout-id1792_7fb7fc-13{background-image:url('https:\/\/jd.org.tr\/wp-content\/uploads\/2025\/04\/banner1.png');background-size:cover;background-position:60% 74%;background-attachment:scroll;background-repeat:no-repeat;}.kb-row-layout-id1792_7fb7fc-13 > .kt-row-layout-overlay{opacity:0.60;background-color:var(--global-palette3, #1A202C);}@media all and (max-width: 1024px){.kb-row-layout-id1792_7fb7fc-13 > .kt-row-column-wrap{padding-top:150px;padding-right:0px;padding-bottom:80px;padding-left:0px;grid-template-columns:minmax(0, 1fr);}}@media all and (max-width: 767px){.kb-row-layout-id1792_7fb7fc-13 > .kt-row-column-wrap{padding-top:120px;padding-right:0px;padding-bottom:60px;padding-left:0px;grid-template-columns:minmax(0, 1fr);}}<\/style><div class=\"kb-row-layout-wrap kb-row-layout-id1792_7fb7fc-13 alignnone kt-row-has-bg wp-block-kadence-rowlayout\"><div class=\"kt-row-layout-overlay kt-row-overlay-normal\"><\/div><div class=\"kt-row-column-wrap kt-has-1-columns kt-row-layout-equal kt-tab-layout-inherit kt-mobile-layout-row kt-row-valign-middle kb-theme-content-width\">\n<style>.kadence-column1792_628f19-c3 > .kt-inside-inner-col{padding-top:0px;padding-right:10px;padding-bottom:0px;padding-left:10px;}.kadence-column1792_628f19-c3 > .kt-inside-inner-col,.kadence-column1792_628f19-c3 > .kt-inside-inner-col:before{border-top-left-radius:0px;border-top-right-radius:0px;border-bottom-right-radius:0px;border-bottom-left-radius:0px;}.kadence-column1792_628f19-c3 > .kt-inside-inner-col{column-gap:var(--global-kb-gap-sm, 1rem);}.kadence-column1792_628f19-c3 > .kt-inside-inner-col{flex-direction:column;}.kadence-column1792_628f19-c3 > .kt-inside-inner-col > .aligncenter{width:100%;}.kadence-column1792_628f19-c3 > .kt-inside-inner-col:before{opacity:0.3;}.kadence-column1792_628f19-c3{position:relative;}@media all and (max-width: 1024px){.kadence-column1792_628f19-c3 > .kt-inside-inner-col{padding-top:0px;padding-right:0px;padding-bottom:0px;padding-left:0px;flex-direction:column;justify-content:center;}}@media all and (max-width: 767px){.kadence-column1792_628f19-c3 > .kt-inside-inner-col{flex-direction:column;justify-content:center;}}<\/style>\n<div class=\"wp-block-kadence-column kadence-column1792_628f19-c3 inner-column-1\"><div class=\"kt-inside-inner-col\"><style>.kb-row-layout-id1792_ab3718-3d > .kt-row-column-wrap{align-content:start;}:where(.kb-row-layout-id1792_ab3718-3d > .kt-row-column-wrap) > .wp-block-kadence-column{justify-content:start;}.kb-row-layout-id1792_ab3718-3d > .kt-row-column-wrap{column-gap:var(--global-kb-gap-md, 2rem);row-gap:var(--global-kb-gap-md, 2rem);max-width:600px;margin-left:auto;margin-right:auto;padding-top:0px;padding-right:0px;padding-bottom:0px;padding-left:0px;grid-template-columns:minmax(0, 1fr);}.kb-row-layout-id1792_ab3718-3d > .kt-row-layout-overlay{opacity:0.30;}@media all and (max-width: 1024px){.kb-row-layout-id1792_ab3718-3d > .kt-row-column-wrap{grid-template-columns:minmax(0, 1fr);}}@media all and (max-width: 767px){.kb-row-layout-id1792_ab3718-3d > .kt-row-column-wrap{padding-top:40px;padding-right:20px;padding-bottom:0px;padding-left:20px;grid-template-columns:minmax(0, 1fr);}}<\/style><div class=\"kb-row-layout-wrap kb-row-layout-id1792_ab3718-3d alignnone wp-block-kadence-rowlayout\"><div class=\"kt-row-column-wrap kt-has-1-columns kt-row-layout-equal kt-tab-layout-inherit kt-mobile-layout-row kt-row-valign-top\">\n<style>.kadence-column1792_69dfea-92 > .kt-inside-inner-col{padding-top:10px;padding-right:10px;padding-bottom:10px;padding-left:10px;}.kadence-column1792_69dfea-92 > .kt-inside-inner-col,.kadence-column1792_69dfea-92 > .kt-inside-inner-col:before{border-top-left-radius:0px;border-top-right-radius:0px;border-bottom-right-radius:0px;border-bottom-left-radius:0px;}.kadence-column1792_69dfea-92 > .kt-inside-inner-col{column-gap:var(--global-kb-gap-sm, 1rem);}.kadence-column1792_69dfea-92 > .kt-inside-inner-col{flex-direction:column;}.kadence-column1792_69dfea-92 > .kt-inside-inner-col > .aligncenter{width:100%;}.kadence-column1792_69dfea-92 > .kt-inside-inner-col:before{opacity:0.3;}.kadence-column1792_69dfea-92{position:relative;}@media all and (max-width: 1024px){.kadence-column1792_69dfea-92 > .kt-inside-inner-col{flex-direction:column;justify-content:center;}}@media all and (max-width: 767px){.kadence-column1792_69dfea-92 > .kt-inside-inner-col{flex-direction:column;justify-content:center;}}<\/style>\n<div class=\"wp-block-kadence-column kadence-column1792_69dfea-92 inner-column-1\"><div class=\"kt-inside-inner-col\"><style>.wp-block-kadence-advancedheading.kt-adv-heading1792_e41d6f-b2, .wp-block-kadence-advancedheading.kt-adv-heading1792_e41d6f-b2[data-kb-block=\"kb-adv-heading1792_e41d6f-b2\"]{margin-top:0px;margin-right:0px;margin-bottom:25px;margin-left:0px;text-align:center;font-size:50px;line-height:1em;font-style:normal;}.wp-block-kadence-advancedheading.kt-adv-heading1792_e41d6f-b2 mark.kt-highlight, .wp-block-kadence-advancedheading.kt-adv-heading1792_e41d6f-b2[data-kb-block=\"kb-adv-heading1792_e41d6f-b2\"] mark.kt-highlight{font-style:normal;color:#f76a0c;-webkit-box-decoration-break:clone;box-decoration-break:clone;padding-top:0px;padding-right:0px;padding-bottom:0px;padding-left:0px;}.wp-block-kadence-advancedheading.kt-adv-heading1792_e41d6f-b2 img.kb-inline-image, .wp-block-kadence-advancedheading.kt-adv-heading1792_e41d6f-b2[data-kb-block=\"kb-adv-heading1792_e41d6f-b2\"] img.kb-inline-image{width:150px;vertical-align:baseline;}@media all and (max-width: 767px){.wp-block-kadence-advancedheading.kt-adv-heading1792_e41d6f-b2, .wp-block-kadence-advancedheading.kt-adv-heading1792_e41d6f-b2[data-kb-block=\"kb-adv-heading1792_e41d6f-b2\"]{font-size:40px;}}<\/style>\n<h2 class=\"kt-adv-heading1792_e41d6f-b2 wp-block-kadence-advancedheading has-theme-palette-9-color has-text-color\" data-kb-block=\"kb-adv-heading1792_e41d6f-b2\">\u00c7al\u0131\u015fma Gruplar\u0131<\/h2>\n\n\n<style>.wp-block-kadence-advancedheading.kt-adv-heading1792_3aae5e-33, .wp-block-kadence-advancedheading.kt-adv-heading1792_3aae5e-33[data-kb-block=\"kb-adv-heading1792_3aae5e-33\"]{text-align:center;font-style:normal;}.wp-block-kadence-advancedheading.kt-adv-heading1792_3aae5e-33 mark.kt-highlight, .wp-block-kadence-advancedheading.kt-adv-heading1792_3aae5e-33[data-kb-block=\"kb-adv-heading1792_3aae5e-33\"] mark.kt-highlight{font-style:normal;color:#f76a0c;-webkit-box-decoration-break:clone;box-decoration-break:clone;padding-top:0px;padding-right:0px;padding-bottom:0px;padding-left:0px;}.wp-block-kadence-advancedheading.kt-adv-heading1792_3aae5e-33 img.kb-inline-image, .wp-block-kadence-advancedheading.kt-adv-heading1792_3aae5e-33[data-kb-block=\"kb-adv-heading1792_3aae5e-33\"] img.kb-inline-image{width:150px;vertical-align:baseline;}<\/style>\n<p class=\"kt-adv-heading1792_3aae5e-33 wp-block-kadence-advancedheading has-theme-palette-9-color has-text-color\" data-kb-block=\"kb-adv-heading1792_3aae5e-33\"><\/p>\n<\/div><\/div>\n\n<\/div><\/div><\/div><\/div>\n\n<\/div><\/div>\n\n<style>.kb-row-layout-id1792_0a4db5-9e > .kt-row-column-wrap{align-content:start;}:where(.kb-row-layout-id1792_0a4db5-9e > .kt-row-column-wrap) > .wp-block-kadence-column{justify-content:start;}.kb-row-layout-id1792_0a4db5-9e > .kt-row-column-wrap{column-gap:var(--global-kb-gap-md, 2rem);row-gap:var(--global-kb-gap-md, 2rem);max-width:var( --global-content-width, 1290px );padding-left:var(--global-content-edge-padding);padding-right:var(--global-content-edge-padding);padding-top:48px;padding-right:0px;padding-bottom:27px;padding-left:0px;grid-template-columns:minmax(0, 1fr);}.kb-row-layout-id1792_0a4db5-9e{background-image:url('https:\/\/jd.org.tr\/wp-content\/uploads\/2021\/04\/pencilsketchadjusted-1874885.png');background-size:cover;background-position:center center;background-attachment:scroll;background-repeat:no-repeat;}.kb-row-layout-id1792_0a4db5-9e > .kt-row-layout-overlay{opacity:0.70;background-color:var(--global-palette8, #F7FAFC);}@media all and (max-width: 1024px){.kb-row-layout-id1792_0a4db5-9e > .kt-row-column-wrap{padding-top:60px;padding-right:30px;padding-bottom:30px;padding-left:30px;grid-template-columns:minmax(0, 1fr);}}@media all and (max-width: 767px){.kb-row-layout-id1792_0a4db5-9e > .kt-row-column-wrap{padding-top:40px;padding-right:15px;padding-bottom:30px;padding-left:15px;grid-template-columns:minmax(0, 1fr);}}<\/style><div class=\"kb-row-layout-wrap kb-row-layout-id1792_0a4db5-9e alignnone kt-row-has-bg wp-block-kadence-rowlayout\"><div class=\"kt-row-layout-overlay kt-row-overlay-normal\"><\/div><div class=\"kt-row-column-wrap kt-has-1-columns kt-row-layout-equal kt-tab-layout-inherit kt-mobile-layout-row kt-row-valign-top kb-theme-content-width\">\n<style>.kadence-column1792_1ae4fb-f9 > .kt-inside-inner-col{padding-top:0px;padding-right:0px;padding-bottom:0px;padding-left:0px;}.kadence-column1792_1ae4fb-f9 > .kt-inside-inner-col,.kadence-column1792_1ae4fb-f9 > .kt-inside-inner-col:before{border-top-left-radius:0px;border-top-right-radius:0px;border-bottom-right-radius:0px;border-bottom-left-radius:0px;}.kadence-column1792_1ae4fb-f9 > .kt-inside-inner-col{column-gap:var(--global-kb-gap-sm, 1rem);}.kadence-column1792_1ae4fb-f9 > .kt-inside-inner-col{flex-direction:column;}.kadence-column1792_1ae4fb-f9 > .kt-inside-inner-col > .aligncenter{width:100%;}.kadence-column1792_1ae4fb-f9 > .kt-inside-inner-col:before{opacity:0.3;}.kadence-column1792_1ae4fb-f9{position:relative;}.kadence-column1792_1ae4fb-f9, .kt-inside-inner-col > .kadence-column1792_1ae4fb-f9:not(.specificity){margin-top:0px;margin-right:0px;margin-bottom:0px;margin-left:0px;}@media all and (max-width: 1024px){.kadence-column1792_1ae4fb-f9 > .kt-inside-inner-col{padding-top:40px;padding-right:40px;padding-bottom:40px;padding-left:40px;flex-direction:column;justify-content:center;}}@media all and (max-width: 1024px){.kadence-column1792_1ae4fb-f9, .kt-inside-inner-col > .kadence-column1792_1ae4fb-f9:not(.specificity){margin-top:0px;margin-right:0px;margin-bottom:40px;margin-left:0px;}}@media all and (max-width: 767px){.kadence-column1792_1ae4fb-f9 > .kt-inside-inner-col{padding-top:0px;padding-right:0px;padding-bottom:0px;padding-left:0px;flex-direction:column;justify-content:center;}}<\/style>\n<div class=\"wp-block-kadence-column kadence-column1792_1ae4fb-f9 inner-column-1\"><div class=\"kt-inside-inner-col\"><style>.kb-row-layout-id1792_db3b3d-83 > .kt-row-column-wrap{align-content:start;}:where(.kb-row-layout-id1792_db3b3d-83 > .kt-row-column-wrap) > .wp-block-kadence-column{justify-content:start;}.kb-row-layout-id1792_db3b3d-83 > .kt-row-column-wrap{column-gap:var(--global-kb-gap-none, 0rem );row-gap:var(--global-kb-gap-none, 0rem );max-width:1250px;margin-left:auto;margin-right:auto;padding-top:0px;padding-right:0px;padding-bottom:0px;padding-left:0px;grid-template-columns:minmax(0, 1fr);}.kb-row-layout-id1792_db3b3d-83 > .kt-row-layout-overlay{opacity:0.30;}@media all and (max-width: 1024px){.kb-row-layout-id1792_db3b3d-83 > .kt-row-column-wrap{grid-template-columns:minmax(0, 1fr);}}@media all and (max-width: 767px){.kb-row-layout-id1792_db3b3d-83 > .kt-row-column-wrap{grid-template-columns:minmax(0, 1fr);}}<\/style><div class=\"kb-row-layout-wrap kb-row-layout-id1792_db3b3d-83 alignnone wp-block-kadence-rowlayout\"><div class=\"kt-row-column-wrap kt-has-1-columns kt-row-layout-equal kt-tab-layout-inherit kt-mobile-layout-row kt-row-valign-top\">\n<style>.kadence-column1792_66b26a-f3 > .kt-inside-inner-col,.kadence-column1792_66b26a-f3 > .kt-inside-inner-col:before{border-top-left-radius:0px;border-top-right-radius:0px;border-bottom-right-radius:0px;border-bottom-left-radius:0px;}.kadence-column1792_66b26a-f3 > .kt-inside-inner-col{column-gap:var(--global-kb-gap-sm, 1rem);}.kadence-column1792_66b26a-f3 > .kt-inside-inner-col{flex-direction:column;}.kadence-column1792_66b26a-f3 > .kt-inside-inner-col > .aligncenter{width:100%;}.kadence-column1792_66b26a-f3 > .kt-inside-inner-col:before{opacity:0.3;}.kadence-column1792_66b26a-f3{position:relative;}@media all and (max-width: 1024px){.kadence-column1792_66b26a-f3 > .kt-inside-inner-col{flex-direction:column;justify-content:center;}}@media all and (max-width: 767px){.kadence-column1792_66b26a-f3 > .kt-inside-inner-col{flex-direction:column;justify-content:center;}}<\/style>\n<div class=\"wp-block-kadence-column kadence-column1792_66b26a-f3\"><div class=\"kt-inside-inner-col\">\n<p>Jeomorfoloji Derne\u011fi \u00e7at\u0131s\u0131 alt\u0131nda faaliyet g\u00f6stermesi planlanan 9 ayr\u0131 \u00e7al\u0131\u015fma grubu olu\u015fturulmu\u015ftur.&nbsp;<\/p>\n\n\n\n<p>1) Jeomorfolojide Fl\u00fcviyal Sistemler \u00c7al\u0131\u015fma Grubu<\/p>\n\n\n\n<p>2) Jeomorfolojik S\u00fcre\u00e7ler \u00c7al\u0131\u015fma Grubu<\/p>\n\n\n\n<p>3) Yap\u0131sal Jeomorfoloji \u00c7al\u0131\u015fma Grubu<\/p>\n\n\n\n<p>4) K\u0131y\u0131 &#8211;&nbsp;Havza Ara\u015ft\u0131rmalar\u0131 ve Y\u00f6netimi \u00c7al\u0131\u015fma Grubu<\/p>\n\n\n\n<p>5) Do\u011fal Afetler ve Afet Y\u00f6netimi \u00c7al\u0131\u015fma Grubu<\/p>\n\n\n\n<p>6) Jeomorfositler \u00c7al\u0131\u015fma Grubu<\/p>\n\n\n\n<p>7) Klima &#8211; Jeomorfoloji ve \u0130klim De\u011fi\u015fikli\u011fi \u00c7al\u0131\u015fma Grubu<\/p>\n\n\n\n<p>8) \u015eehir ve B\u00f6lge Planlamada Jeomorfoloji \u00c7al\u0131\u015fma Grubu<\/p>\n\n\n\n<p>9) Paleoco\u011frafya \u00c7al\u0131\u015fma Grubu<\/p>\n<\/div><\/div>\n\n<\/div><\/div><\/div><\/div>\n\n<\/div><\/div>\n\n<style>.kb-row-layout-id1792_3aae86-b8 > .kt-row-column-wrap{align-content:start;}:where(.kb-row-layout-id1792_3aae86-b8 > .kt-row-column-wrap) > .wp-block-kadence-column{justify-content:start;}.kb-row-layout-id1792_3aae86-b8 > .kt-row-column-wrap{column-gap:var(--global-kb-gap-md, 2rem);row-gap:var(--global-kb-gap-md, 2rem);max-width:var( --global-content-width, 1290px );padding-left:var(--global-content-edge-padding);padding-right:var(--global-content-edge-padding);padding-top:90px;padding-right:0px;padding-bottom:90px;padding-left:0px;grid-template-columns:minmax(0, 1fr);}.kb-row-layout-id1792_3aae86-b8{background-image:url('https:\/\/jd.org.tr\/wp-content\/uploads\/2025\/04\/banner3.png');background-size:cover;background-position:56.99999999999999% 48%;background-attachment:scroll;background-repeat:no-repeat;}.kb-row-layout-id1792_3aae86-b8 > .kt-row-layout-overlay{opacity:0.90;background-color:var(--global-palette3, #1A202C);}@media all and (max-width: 1024px){.kb-row-layout-id1792_3aae86-b8 > .kt-row-column-wrap{padding-top:70px;padding-right:0px;padding-bottom:70px;padding-left:0px;grid-template-columns:minmax(0, 1fr);}}@media all and (max-width: 767px){.kb-row-layout-id1792_3aae86-b8 > .kt-row-column-wrap{grid-template-columns:minmax(0, 1fr);}}<\/style><div class=\"kb-row-layout-wrap kb-row-layout-id1792_3aae86-b8 alignnone kt-row-has-bg wp-block-kadence-rowlayout\"><div class=\"kt-row-layout-overlay kt-row-overlay-normal\"><\/div><div class=\"kt-row-column-wrap kt-has-1-columns kt-row-layout-equal kt-tab-layout-inherit kt-mobile-layout-row kt-row-valign-top kb-theme-content-width\">\n<style>.kadence-column1792_6564d7-8c > .kt-inside-inner-col{padding-top:10px;padding-right:10px;padding-bottom:10px;padding-left:10px;}.kadence-column1792_6564d7-8c > .kt-inside-inner-col,.kadence-column1792_6564d7-8c > .kt-inside-inner-col:before{border-top-left-radius:0px;border-top-right-radius:0px;border-bottom-right-radius:0px;border-bottom-left-radius:0px;}.kadence-column1792_6564d7-8c > .kt-inside-inner-col{column-gap:var(--global-kb-gap-sm, 1rem);}.kadence-column1792_6564d7-8c > .kt-inside-inner-col{flex-direction:column;}.kadence-column1792_6564d7-8c > .kt-inside-inner-col > .aligncenter{width:100%;}.kadence-column1792_6564d7-8c > .kt-inside-inner-col:before{opacity:0.3;}.kadence-column1792_6564d7-8c{position:relative;}@media all and (max-width: 1024px){.kadence-column1792_6564d7-8c > .kt-inside-inner-col{flex-direction:column;justify-content:center;}}@media all and (max-width: 767px){.kadence-column1792_6564d7-8c > .kt-inside-inner-col{flex-direction:column;justify-content:center;}}<\/style>\n<div class=\"wp-block-kadence-column kadence-column1792_6564d7-8c inner-column-1\"><div class=\"kt-inside-inner-col\"><style>.wp-block-kadence-advancedheading.kt-adv-heading1792_1d19ca-3c, .wp-block-kadence-advancedheading.kt-adv-heading1792_1d19ca-3c[data-kb-block=\"kb-adv-heading1792_1d19ca-3c\"]{margin-top:0px;margin-right:0px;margin-bottom:37px;margin-left:0px;text-align:center;line-height:1em;font-style:normal;}.wp-block-kadence-advancedheading.kt-adv-heading1792_1d19ca-3c mark.kt-highlight, .wp-block-kadence-advancedheading.kt-adv-heading1792_1d19ca-3c[data-kb-block=\"kb-adv-heading1792_1d19ca-3c\"] mark.kt-highlight{font-style:normal;color:#f76a0c;-webkit-box-decoration-break:clone;box-decoration-break:clone;padding-top:0px;padding-right:0px;padding-bottom:0px;padding-left:0px;}.wp-block-kadence-advancedheading.kt-adv-heading1792_1d19ca-3c img.kb-inline-image, .wp-block-kadence-advancedheading.kt-adv-heading1792_1d19ca-3c[data-kb-block=\"kb-adv-heading1792_1d19ca-3c\"] img.kb-inline-image{width:150px;vertical-align:baseline;}<\/style>\n<h2 class=\"kt-adv-heading1792_1d19ca-3c wp-block-kadence-advancedheading has-theme-palette-9-color has-text-color\" data-kb-block=\"kb-adv-heading1792_1d19ca-3c\"><\/h2>\n<\/div><\/div>\n\n<\/div><\/div>","protected":false},"excerpt":{"rendered":"<p>\u00c7al\u0131\u015fma Gruplar\u0131 Jeomorfoloji Derne\u011fi \u00e7at\u0131s\u0131 alt\u0131nda faaliyet g\u00f6stermesi planlanan 9 ayr\u0131 \u00e7al\u0131\u015fma grubu olu\u015fturulmu\u015ftur.&nbsp; 1) Jeomorfolojide Fl\u00fcviyal Sistemler \u00c7al\u0131\u015fma Grubu 2) Jeomorfolojik S\u00fcre\u00e7ler \u00c7al\u0131\u015fma Grubu 3) Yap\u0131sal Jeomorfoloji \u00c7al\u0131\u015fma Grubu 4) K\u0131y\u0131 &#8211;&nbsp;Havza Ara\u015ft\u0131rmalar\u0131 ve Y\u00f6netimi \u00c7al\u0131\u015fma Grubu 5) Do\u011fal Afetler ve Afet Y\u00f6netimi \u00c7al\u0131\u015fma Grubu 6) Jeomorfositler \u00c7al\u0131\u015fma Grubu 7) Klima &#8211; Jeomorfoloji ve&#8230;<\/p>\n","protected":false},"author":1,"featured_media":0,"parent":0,"menu_order":0,"comment_status":"closed","ping_status":"closed","template":"","meta":{"pagelayer_contact_templates":[],"_pagelayer_content":"","_kadence_starter_templates_imported_post":true,"_kad_post_transparent":"","_kad_post_title":"hide","_kad_post_layout":"fullwidth","_kad_post_sidebar_id":"","_kad_post_content_style":"unboxed","_kad_post_vertical_padding":"hide","_kad_post_feature":"hide","_kad_post_feature_position":"","_kad_post_header":false,"_kad_post_footer":false,"_kad_post_classname":"","footnotes":""},"class_list":["post-1792","page","type-page","status-publish","hentry"],"_links":{"self":[{"href":"https:\/\/jd.org.tr\/index.php\/wp-json\/wp\/v2\/pages\/1792","targetHints":{"allow":["GET"]}}],"collection":[{"href":"https:\/\/jd.org.tr\/index.php\/wp-json\/wp\/v2\/pages"}],"about":[{"href":"https:\/\/jd.org.tr\/index.php\/wp-json\/wp\/v2\/types\/page"}],"author":[{"embeddable":true,"href":"https:\/\/jd.org.tr\/index.php\/wp-json\/wp\/v2\/users\/1"}],"replies":[{"embeddable":true,"href":"https:\/\/jd.org.tr\/index.php\/wp-json\/wp\/v2\/comments?post=1792"}],"version-history":[{"count":4,"href":"https:\/\/jd.org.tr\/index.php\/wp-json\/wp\/v2\/pages\/1792\/revisions"}],"predecessor-version":[{"id":2119,"href":"https:\/\/jd.org.tr\/index.php\/wp-json\/wp\/v2\/pages\/1792\/revisions\/2119"}],"wp:attachment":[{"href":"https:\/\/jd.org.tr\/index.php\/wp-json\/wp\/v2\/media?parent=1792"}],"curies":[{"name":"wp","href":"https:\/\/api.w.org\/{rel}","templated":true}]}}